{"id":1853,"date":"2017-07-05T17:06:34","date_gmt":"2017-07-05T15:06:34","guid":{"rendered":"http:\/\/ch-eckler.de\/aquarelle\/?page_id=1853"},"modified":"2021-12-17T18:21:34","modified_gmt":"2021-12-17T17:21:34","slug":"aquarelle-2017","status":"publish","type":"page","link":"https:\/\/ch-eckler.de\/aquarelle\/bildergalerie\/aquarelle-ab-2014\/aquarelle-2017\/","title":{"rendered":"Aquarelle 2017"},"content":{"rendered":"<p><a href=\"http:\/\/ch-eckler.de\/aquarelle\/bildergalerie\/\">zur\u00fcck zur Themenauswahl<\/a><\/p>\n<h1 style=\"text-align: center;\">AQUARELLE 2017<\/h1>\n<p style=\"text-align: center;\"><i>f\u00fcr weitere Bilder scrollen, zum Vergr\u00f6\u00dfern Bild anklicken<\/i><\/p>\n<hr>\nngg_shortcode_0_placeholder\n","protected":false},"excerpt":{"rendered":"<p>zur\u00fcck zur Themenauswahl AQUARELLE 2017 f\u00fcr weitere Bilder scrollen, zum Vergr\u00f6\u00dfern Bild anklicken<\/p>\n","protected":false},"author":1,"featured_media":3080,"parent":2228,"menu_order":16,"comment_status":"closed","ping_status":"closed","template":"","meta":{"ngg_post_thumbnail":0,"footnotes":""},"class_list":["post-1853","page","type-page","status-publish","has-post-thumbnail","hentry"],"_links":{"self":[{"href":"https:\/\/ch-eckler.de\/aquarelle\/wp-json\/wp\/v2\/pages\/1853","targetHints":{"allow":["GET"]}}],"collection":[{"href":"https:\/\/ch-eckler.de\/aquarelle\/wp-json\/wp\/v2\/pages"}],"about":[{"href":"https:\/\/ch-eckler.de\/aquarelle\/wp-json\/wp\/v2\/types\/page"}],"author":[{"embeddable":true,"href":"https:\/\/ch-eckler.de\/aquarelle\/wp-json\/wp\/v2\/users\/1"}],"replies":[{"embeddable":true,"href":"https:\/\/ch-eckler.de\/aquarelle\/wp-json\/wp\/v2\/comments?post=1853"}],"version-history":[{"count":4,"href":"https:\/\/ch-eckler.de\/aquarelle\/wp-json\/wp\/v2\/pages\/1853\/revisions"}],"predecessor-version":[{"id":3089,"href":"https:\/\/ch-eckler.de\/aquarelle\/wp-json\/wp\/v2\/pages\/1853\/revisions\/3089"}],"up":[{"embeddable":true,"href":"https:\/\/ch-eckler.de\/aquarelle\/wp-json\/wp\/v2\/pages\/2228"}],"wp:featuredmedia":[{"embeddable":true,"href":"https:\/\/ch-eckler.de\/aquarelle\/wp-json\/wp\/v2\/media\/3080"}],"wp:attachment":[{"href":"https:\/\/ch-eckler.de\/aquarelle\/wp-json\/wp\/v2\/media?parent=1853"}],"curies":[{"name":"wp","href":"https:\/\/api.w.org\/{rel}","templated":true}]}}