{"id":3866,"date":"2020-12-24T11:27:25","date_gmt":"2020-12-24T10:27:25","guid":{"rendered":"https:\/\/ch-eckler.de\/aquarelle\/?page_id=3866"},"modified":"2021-12-17T18:22:00","modified_gmt":"2021-12-17T17:22:00","slug":"aquarelle-2020","status":"publish","type":"page","link":"https:\/\/ch-eckler.de\/aquarelle\/bildergalerie\/aquarelle-ab-2014\/aquarelle-2020\/","title":{"rendered":"Aquarelle 2020"},"content":{"rendered":"<p><a href=\"\/aquarelle\/bildergalerie\/\">zur\u00fcck zur Themenauswahl<\/a><\/p>\n<h1 style=\"text-align: center;\">AQUARELLE 2020<\/h1>\n<p style=\"text-align: center;\"><i>f\u00fcr weitere Bilder scrollen, zum Vergr\u00f6\u00dfern Bild anklicken<\/i><\/p>\n<hr>\nngg_shortcode_0_placeholder\n","protected":false},"excerpt":{"rendered":"<p>zur\u00fcck zur Themenauswahl AQUARELLE 2020 f\u00fcr weitere Bilder scrollen, zum Vergr\u00f6\u00dfern Bild anklicken<\/p>\n","protected":false},"author":3,"featured_media":3825,"parent":2228,"menu_order":13,"comment_status":"closed","ping_status":"closed","template":"","meta":{"ngg_post_thumbnail":0,"footnotes":""},"class_list":["post-3866","page","type-page","status-publish","has-post-thumbnail","hentry"],"_links":{"self":[{"href":"https:\/\/ch-eckler.de\/aquarelle\/wp-json\/wp\/v2\/pages\/3866","targetHints":{"allow":["GET"]}}],"collection":[{"href":"https:\/\/ch-eckler.de\/aquarelle\/wp-json\/wp\/v2\/pages"}],"about":[{"href":"https:\/\/ch-eckler.de\/aquarelle\/wp-json\/wp\/v2\/types\/page"}],"author":[{"embeddable":true,"href":"https:\/\/ch-eckler.de\/aquarelle\/wp-json\/wp\/v2\/users\/3"}],"replies":[{"embeddable":true,"href":"https:\/\/ch-eckler.de\/aquarelle\/wp-json\/wp\/v2\/comments?post=3866"}],"version-history":[{"count":1,"href":"https:\/\/ch-eckler.de\/aquarelle\/wp-json\/wp\/v2\/pages\/3866\/revisions"}],"predecessor-version":[{"id":3867,"href":"https:\/\/ch-eckler.de\/aquarelle\/wp-json\/wp\/v2\/pages\/3866\/revisions\/3867"}],"up":[{"embeddable":true,"href":"https:\/\/ch-eckler.de\/aquarelle\/wp-json\/wp\/v2\/pages\/2228"}],"wp:featuredmedia":[{"embeddable":true,"href":"https:\/\/ch-eckler.de\/aquarelle\/wp-json\/wp\/v2\/media\/3825"}],"wp:attachment":[{"href":"https:\/\/ch-eckler.de\/aquarelle\/wp-json\/wp\/v2\/media?parent=3866"}],"curies":[{"name":"wp","href":"https:\/\/api.w.org\/{rel}","templated":true}]}}