{"id":3880,"date":"2021-12-14T21:29:18","date_gmt":"2021-12-14T20:29:18","guid":{"rendered":"https:\/\/ch-eckler.de\/aquarelle\/?page_id=3880"},"modified":"2021-12-20T15:54:24","modified_gmt":"2021-12-20T14:54:24","slug":"aquarelle-2021","status":"publish","type":"page","link":"https:\/\/ch-eckler.de\/aquarelle\/bildergalerie\/aquarelle-ab-2014\/aquarelle-2021\/","title":{"rendered":"Aquarelle 2021"},"content":{"rendered":"<p><a href=\"\/aquarelle\/bildergalerie\/\">zur\u00fcck zur Themenauswahl<\/a><\/p>\n<h1 style=\"text-align: center;\">AQUARELLE 2021<\/h1>\n<p style=\"text-align: center;\"><i>f\u00fcr weitere Bilder scrollen, zum Vergr\u00f6\u00dfern Bild anklicken<\/i><\/p>\n<hr>\nngg_shortcode_0_placeholder\n","protected":false},"excerpt":{"rendered":"<p>zur\u00fcck zur Themenauswahl AQUARELLE 2021 f\u00fcr weitere Bilder scrollen, zum Vergr\u00f6\u00dfern Bild anklicken<\/p>\n","protected":false},"author":3,"featured_media":4246,"parent":2228,"menu_order":12,"comment_status":"closed","ping_status":"closed","template":"","meta":{"ngg_post_thumbnail":0,"footnotes":""},"class_list":["post-3880","page","type-page","status-publish","has-post-thumbnail","hentry"],"_links":{"self":[{"href":"https:\/\/ch-eckler.de\/aquarelle\/wp-json\/wp\/v2\/pages\/3880","targetHints":{"allow":["GET"]}}],"collection":[{"href":"https:\/\/ch-eckler.de\/aquarelle\/wp-json\/wp\/v2\/pages"}],"about":[{"href":"https:\/\/ch-eckler.de\/aquarelle\/wp-json\/wp\/v2\/types\/page"}],"author":[{"embeddable":true,"href":"https:\/\/ch-eckler.de\/aquarelle\/wp-json\/wp\/v2\/users\/3"}],"replies":[{"embeddable":true,"href":"https:\/\/ch-eckler.de\/aquarelle\/wp-json\/wp\/v2\/comments?post=3880"}],"version-history":[{"count":1,"href":"https:\/\/ch-eckler.de\/aquarelle\/wp-json\/wp\/v2\/pages\/3880\/revisions"}],"predecessor-version":[{"id":4240,"href":"https:\/\/ch-eckler.de\/aquarelle\/wp-json\/wp\/v2\/pages\/3880\/revisions\/4240"}],"up":[{"embeddable":true,"href":"https:\/\/ch-eckler.de\/aquarelle\/wp-json\/wp\/v2\/pages\/2228"}],"wp:featuredmedia":[{"embeddable":true,"href":"https:\/\/ch-eckler.de\/aquarelle\/wp-json\/wp\/v2\/media\/4246"}],"wp:attachment":[{"href":"https:\/\/ch-eckler.de\/aquarelle\/wp-json\/wp\/v2\/media?parent=3880"}],"curies":[{"name":"wp","href":"https:\/\/api.w.org\/{rel}","templated":true}]}}