{"id":403,"date":"2017-04-03T00:50:39","date_gmt":"2017-04-02T22:50:39","guid":{"rendered":"http:\/\/checklerde.alfahosting.org\/aquarelle\/?page_id=403"},"modified":"2017-12-01T17:34:40","modified_gmt":"2017-12-01T16:34:40","slug":"strukturen","status":"publish","type":"page","link":"https:\/\/ch-eckler.de\/aquarelle\/bildergalerie\/strukturen\/","title":{"rendered":"Strukturen"},"content":{"rendered":"<h2>Strukturen<\/h2>\n<p style=\"text-align: center;\"><i>bitte f\u00fcr Themenauswahl Bild anklicken<\/i><\/p>\n<hr>\n\n<!-- Page-list plugin v.100 wordpress.org\/plugins\/page-list\/ -->\n<div class=\"page-list page-list-ext \">\n<div class=\"page-list-ext-item\"><div class=\"page-list-ext-image\"><a href=\"https:\/\/ch-eckler.de\/aquarelle\/bildergalerie\/strukturen\/vernetztes\/\" title=\"Vernetztes\"><img decoding=\"async\" src=\"https:\/\/ch-eckler.de\/aquarelle\/wp-content\/uploads\/Aquarellbilder\/Vernetztes\/11.olivennetze.2012-200x200.jpg\" style=\"max-height:200px;\" alt=\"Vernetztes\" \/><\/a><\/div> <h3 class=\"page-list-ext-title\"><a href=\"https:\/\/ch-eckler.de\/aquarelle\/bildergalerie\/strukturen\/vernetztes\/\" title=\"Vernetztes\">Vernetztes<\/a><\/h3><div class=\"page-list-ext-item-content\">zur\u00fcck zur Themenauswahl \r\nVernetztes \r\nf\u00fcr weitere Bilder scrollen, zum Vergr\u00f6\u00dfern Bild anklicken  \r\n\r\n\r\n\r\n\r\n\r\n<\/div><\/div>\n<div class=\"page-list-ext-item\"><div class=\"page-list-ext-image\"><a href=\"https:\/\/ch-eckler.de\/aquarelle\/bildergalerie\/strukturen\/infrastrukturelles\/\" title=\"Infrastrukturelles\"><img decoding=\"async\" src=\"https:\/\/ch-eckler.de\/aquarelle\/wp-content\/uploads\/Aquarellbilder\/Infrastrukturelles\/14.hafen_ess.2013-200x200.jpg\" style=\"max-height:200px;\" alt=\"Infrastrukturelles\" \/><\/a><\/div> <h3 class=\"page-list-ext-title\"><a href=\"https:\/\/ch-eckler.de\/aquarelle\/bildergalerie\/strukturen\/infrastrukturelles\/\" title=\"Infrastrukturelles\">Infrastrukturelles<\/a><\/h3><div class=\"page-list-ext-item-content\">zur\u00fcck zur Themenauswahl \r\nInfrastrukturelles \r\nf\u00fcr weitere Bilder scrollen, zum Vergr\u00f6\u00dfern Bild anklicken  \r\n\r\n\r\n\r\n\r\n\r\n<\/div><\/div>\n<div class=\"page-list-ext-item\"><div class=\"page-list-ext-image\"><a href=\"https:\/\/ch-eckler.de\/aquarelle\/bildergalerie\/strukturen\/abstraktes\/\" title=\"Abstraktes\"><img decoding=\"async\" src=\"https:\/\/ch-eckler.de\/aquarelle\/wp-content\/uploads\/Aquarellbilder\/Abstraktes\/11.fruehling.2014-200x200.jpg\" style=\"max-height:200px;\" alt=\"Abstraktes\" \/><\/a><\/div> <h3 class=\"page-list-ext-title\"><a href=\"https:\/\/ch-eckler.de\/aquarelle\/bildergalerie\/strukturen\/abstraktes\/\" title=\"Abstraktes\">Abstraktes<\/a><\/h3><div class=\"page-list-ext-item-content\">zur\u00fcck zur Themenauswahl \r\nAbstraktes \r\nf\u00fcr weitere Bilder scrollen, zum Vergr\u00f6\u00dfern Bild anklicken  \r\n\r\n\r\n\r\n\r\n\r\n<\/div><\/div>\n\n<\/div>\n","protected":false},"excerpt":{"rendered":"<p>Strukturen bitte f\u00fcr Themenauswahl Bild anklicken<\/p>\n","protected":false},"author":1,"featured_media":0,"parent":124,"menu_order":50,"comment_status":"closed","ping_status":"closed","template":"","meta":{"ngg_post_thumbnail":0,"footnotes":""},"class_list":["post-403","page","type-page","status-publish","hentry"],"_links":{"self":[{"href":"https:\/\/ch-eckler.de\/aquarelle\/wp-json\/wp\/v2\/pages\/403","targetHints":{"allow":["GET"]}}],"collection":[{"href":"https:\/\/ch-eckler.de\/aquarelle\/wp-json\/wp\/v2\/pages"}],"about":[{"href":"https:\/\/ch-eckler.de\/aquarelle\/wp-json\/wp\/v2\/types\/page"}],"author":[{"embeddable":true,"href":"https:\/\/ch-eckler.de\/aquarelle\/wp-json\/wp\/v2\/users\/1"}],"replies":[{"embeddable":true,"href":"https:\/\/ch-eckler.de\/aquarelle\/wp-json\/wp\/v2\/comments?post=403"}],"version-history":[{"count":0,"href":"https:\/\/ch-eckler.de\/aquarelle\/wp-json\/wp\/v2\/pages\/403\/revisions"}],"up":[{"embeddable":true,"href":"https:\/\/ch-eckler.de\/aquarelle\/wp-json\/wp\/v2\/pages\/124"}],"wp:attachment":[{"href":"https:\/\/ch-eckler.de\/aquarelle\/wp-json\/wp\/v2\/media?parent=403"}],"curies":[{"name":"wp","href":"https:\/\/api.w.org\/{rel}","templated":true}]}}