{"id":406,"date":"2017-04-03T00:53:11","date_gmt":"2017-04-02T22:53:11","guid":{"rendered":"http:\/\/checklerde.alfahosting.org\/aquarelle\/?page_id=406"},"modified":"2018-12-13T13:16:35","modified_gmt":"2018-12-13T12:16:35","slug":"vernetztes","status":"publish","type":"page","link":"https:\/\/ch-eckler.de\/aquarelle\/bildergalerie\/strukturen\/vernetztes\/","title":{"rendered":"Vernetztes"},"content":{"rendered":"<p><a href=\"https:\/\/ch-eckler.de\/aquarelle\/bildergalerie\/\">zur\u00fcck zur Themenauswahl<\/a><\/p>\n<h1 style=\"text-align: center;\">Vernetztes<\/h1>\n<p style=\"text-align: center;\"><i>f\u00fcr weitere Bilder scrollen, zum Vergr\u00f6\u00dfern Bild anklicken<\/i><\/p>\n<hr \/>\nngg_shortcode_0_placeholder\n<div><div style=\"clear:both\"><\/div>\n","protected":false},"excerpt":{"rendered":"<p>zur\u00fcck zur Themenauswahl Vernetztes f\u00fcr weitere Bilder scrollen, zum Vergr\u00f6\u00dfern Bild anklicken<\/p>\n","protected":false},"author":1,"featured_media":422,"parent":403,"menu_order":51,"comment_status":"closed","ping_status":"closed","template":"","meta":{"ngg_post_thumbnail":0,"footnotes":""},"class_list":["post-406","page","type-page","status-publish","has-post-thumbnail","hentry"],"_links":{"self":[{"href":"https:\/\/ch-eckler.de\/aquarelle\/wp-json\/wp\/v2\/pages\/406","targetHints":{"allow":["GET"]}}],"collection":[{"href":"https:\/\/ch-eckler.de\/aquarelle\/wp-json\/wp\/v2\/pages"}],"about":[{"href":"https:\/\/ch-eckler.de\/aquarelle\/wp-json\/wp\/v2\/types\/page"}],"author":[{"embeddable":true,"href":"https:\/\/ch-eckler.de\/aquarelle\/wp-json\/wp\/v2\/users\/1"}],"replies":[{"embeddable":true,"href":"https:\/\/ch-eckler.de\/aquarelle\/wp-json\/wp\/v2\/comments?post=406"}],"version-history":[{"count":1,"href":"https:\/\/ch-eckler.de\/aquarelle\/wp-json\/wp\/v2\/pages\/406\/revisions"}],"predecessor-version":[{"id":2971,"href":"https:\/\/ch-eckler.de\/aquarelle\/wp-json\/wp\/v2\/pages\/406\/revisions\/2971"}],"up":[{"embeddable":true,"href":"https:\/\/ch-eckler.de\/aquarelle\/wp-json\/wp\/v2\/pages\/403"}],"wp:featuredmedia":[{"embeddable":true,"href":"https:\/\/ch-eckler.de\/aquarelle\/wp-json\/wp\/v2\/media\/422"}],"wp:attachment":[{"href":"https:\/\/ch-eckler.de\/aquarelle\/wp-json\/wp\/v2\/media?parent=406"}],"curies":[{"name":"wp","href":"https:\/\/api.w.org\/{rel}","templated":true}]}}