{"id":408,"date":"2017-04-03T00:54:34","date_gmt":"2017-04-02T22:54:34","guid":{"rendered":"http:\/\/checklerde.alfahosting.org\/aquarelle\/?page_id=408"},"modified":"2018-12-13T13:16:57","modified_gmt":"2018-12-13T12:16:57","slug":"infrastrukturelles","status":"publish","type":"page","link":"https:\/\/ch-eckler.de\/aquarelle\/bildergalerie\/strukturen\/infrastrukturelles\/","title":{"rendered":"Infrastrukturelles"},"content":{"rendered":"<p><a href=\"https:\/\/ch-eckler.de\/aquarelle\/bildergalerie\/\">zur\u00fcck zur Themenauswahl<\/a><\/p>\n<h1 style=\"text-align: center;\">Infrastrukturelles<\/h1>\n<p style=\"text-align: center;\"><i>f\u00fcr weitere Bilder scrollen, zum Vergr\u00f6\u00dfern Bild anklicken<\/i><\/p>\n<hr \/>\nngg_shortcode_0_placeholder\n<div><div style=\"clear:both\"><\/div>\n","protected":false},"excerpt":{"rendered":"<p>zur\u00fcck zur Themenauswahl Infrastrukturelles f\u00fcr weitere Bilder scrollen, zum Vergr\u00f6\u00dfern Bild anklicken<\/p>\n","protected":false},"author":1,"featured_media":423,"parent":403,"menu_order":52,"comment_status":"closed","ping_status":"closed","template":"","meta":{"ngg_post_thumbnail":0,"footnotes":""},"class_list":["post-408","page","type-page","status-publish","has-post-thumbnail","hentry"],"_links":{"self":[{"href":"https:\/\/ch-eckler.de\/aquarelle\/wp-json\/wp\/v2\/pages\/408","targetHints":{"allow":["GET"]}}],"collection":[{"href":"https:\/\/ch-eckler.de\/aquarelle\/wp-json\/wp\/v2\/pages"}],"about":[{"href":"https:\/\/ch-eckler.de\/aquarelle\/wp-json\/wp\/v2\/types\/page"}],"author":[{"embeddable":true,"href":"https:\/\/ch-eckler.de\/aquarelle\/wp-json\/wp\/v2\/users\/1"}],"replies":[{"embeddable":true,"href":"https:\/\/ch-eckler.de\/aquarelle\/wp-json\/wp\/v2\/comments?post=408"}],"version-history":[{"count":1,"href":"https:\/\/ch-eckler.de\/aquarelle\/wp-json\/wp\/v2\/pages\/408\/revisions"}],"predecessor-version":[{"id":2972,"href":"https:\/\/ch-eckler.de\/aquarelle\/wp-json\/wp\/v2\/pages\/408\/revisions\/2972"}],"up":[{"embeddable":true,"href":"https:\/\/ch-eckler.de\/aquarelle\/wp-json\/wp\/v2\/pages\/403"}],"wp:featuredmedia":[{"embeddable":true,"href":"https:\/\/ch-eckler.de\/aquarelle\/wp-json\/wp\/v2\/media\/423"}],"wp:attachment":[{"href":"https:\/\/ch-eckler.de\/aquarelle\/wp-json\/wp\/v2\/media?parent=408"}],"curies":[{"name":"wp","href":"https:\/\/api.w.org\/{rel}","templated":true}]}}